{"id":1954,"date":"2018-05-04T08:05:22","date_gmt":"2018-05-04T08:05:22","guid":{"rendered":"http:\/\/culturdes.umh.es\/?page_id=1954"},"modified":"2019-07-04T08:29:38","modified_gmt":"2019-07-04T08:29:38","slug":"cooperacion-al-desarrollo","status":"publish","type":"page","link":"https:\/\/culturdes.umh.es\/en\/cooperacion-al-desarrollo\/","title":{"rendered":"Cooperaci\u00f3n al desarrollo"},"content":{"rendered":"<p>[et_pb_section admin_label=&#8221;Secci\u00f3n&#8221; fullwidth=&#8221;off&#8221; specialty=&#8221;off&#8221; transparent_background=&#8221;off&#8221; allow_player_pause=&#8221;off&#8221; inner_shadow=&#8221;off&#8221; parallax=&#8221;off&#8221; parallax_method=&#8221;off&#8221; padding_mobile=&#8221;off&#8221; make_fullwidth=&#8221;off&#8221; use_custom_width=&#8221;off&#8221; width_unit=&#8221;on&#8221; make_equal=&#8221;off&#8221; use_custom_gutter=&#8221;off&#8221; custom_padding=&#8221;50px||50px|&#8221; background_image=&#8221;http:\/\/culturdes.umh.es\/files\/2018\/04\/Playa_Manantial-2.jpg&#8221;][et_pb_row admin_label=&#8221;Fila&#8221;][et_pb_column type=&#8221;4_4&#8243;][et_pb_text admin_label=&#8221;Texto&#8221; background_layout=&#8221;dark&#8221; text_orientation=&#8221;center&#8221; use_border_color=&#8221;off&#8221; border_color=&#8221;#ffffff&#8221; border_style=&#8221;solid&#8221; custom_margin=&#8221;||0px|&#8221; custom_padding=&#8221;||5px|&#8221;]<\/p>\n<h2>Cooperaci\u00f3n al desarrollo<\/h2>\n<p>[\/et_pb_text][\/et_pb_column][\/et_pb_row][\/et_pb_section][et_pb_section admin_label=&#8221;Secci\u00f3n&#8221; fullwidth=&#8221;on&#8221; specialty=&#8221;off&#8221;][et_pb_fullwidth_menu admin_label=&#8221;Men\u00fa de anchura completa&#8221; menu_id=&#8221;11&#8243; background_color=&#8221;#ededed&#8221; background_layout=&#8221;light&#8221; text_orientation=&#8221;center&#8221; submenu_direction=&#8221;downwards&#8221; fullwidth_menu=&#8221;off&#8221; dropdown_menu_animation=&#8221;fade&#8221; menu_text_color=&#8221;#000000&#8243; menu_font=&#8221;|on|||&#8221;]<\/p>\n<p>\u00a0<\/p>\n<p>[\/et_pb_fullwidth_menu][\/et_pb_section][et_pb_section admin_label=&#8221;section&#8221;][et_pb_row admin_label=&#8221;Fila&#8221;][et_pb_column type=&#8221;4_4&#8243;][et_pb_text admin_label=&#8221;Texto&#8221; background_layout=&#8221;light&#8221; text_orientation=&#8221;left&#8221; use_border_color=&#8221;off&#8221; border_color=&#8221;#ffffff&#8221; border_style=&#8221;solid&#8221;]<\/p>\n<h3>El papel de la cultura en los procesos de cooperaci\u00f3n al desarrollo<\/h3>\n<p>[\/et_pb_text][et_pb_divider admin_label=&#8221;Separador&#8221; color=&#8221;rgba(66,133,191,0.95)&#8221; show_divider=&#8221;on&#8221; height=&#8221;2&#8243; divider_style=&#8221;solid&#8221; divider_position=&#8221;top&#8221; hide_on_mobile=&#8221;on&#8221;]<\/p>\n<p>\u00a0<\/p>\n<p>[\/et_pb_divider][et_pb_text admin_label=&#8221;Texto&#8221; background_layout=&#8221;light&#8221; text_orientation=&#8221;left&#8221; use_border_color=&#8221;off&#8221; border_color=&#8221;#ffffff&#8221; border_style=&#8221;solid&#8221;]<\/p>\n<ul>\n<li style=\"text-align: justify;\"><strong>2014<\/strong>\u00a0Proyecto\u00a0<a href=\"http:\/\/culturdes.umh.es\/ecuador-2014\/\">Estrategia para el fortalecimiento del papel de la cultura en la cooperaci\u00f3n al desarrollo: curso de formaci\u00f3n de agentes<\/a>\u00a0(ref. 3025\/2011), en el marco de las\u00a0<em>Subvenciones a proyectos de investigaci\u00f3n y formaci\u00f3n en temas relacionados con la cooperaci\u00f3n internacional para el desarrollo, realizados por universidades y entidades sin \u00e1nimo de lucro de la Comunitat Valenciana<\/em>\u00a0de la Conseller\u00eda de Solidaridad y Ciudadan\u00eda de la Generalitat Valenciana (Resoluci\u00f3n del 11 de abril de 2011).<\/li>\n<\/ul>\n<ul>\n<li style=\"text-align: justify;\"><strong>2010<\/strong>\u00a0Proyecto\u00a0<a href=\"http:\/\/culturdes.umh.es\/ecuador-2010\/\">Seminario \u2018Cultura y desarrollo: el desaf\u00edo de la interculturalidad\u2019<\/a>\u00a0(C\/023825\/09), en el marco del\u00a0<em>Programa de Cooperaci\u00f3n Interuniversitaria de Investigaci\u00f3n Cient\u00edfica entre Espa\u00f1a e Iberoam\u00e9rica<\/em>\u00a0de la\u00a0<a href=\"http:\/\/www.aecid.es\/\" target=\"_blank\">Agencia Espa\u00f1ola de Cooperaci\u00f3n Internacional para el Desarrollo \u2013 AECID.<\/a><\/li>\n<\/ul>\n<ul>\n<li style=\"text-align: justify;\"><strong>2009<\/strong>\u00a0Proyecto\u00a0<a href=\"http:\/\/culturdes.umh.es\/el-salvador-2009\/\">Contribuci\u00f3n antropol\u00f3gico-social a la metodolog\u00eda de Gesti\u00f3n del Ciclo del Proyecto (CGP) en el marco de la cooperaci\u00f3n espa\u00f1ola al desarrollo en Am\u00e9rica Central<\/a>\u00a0(GVPRE\/2008\/264), financiado por la\u00a0<a href=\"http:\/\/www.edu.gva.es\/es\/\" target=\"_blank\">Conselleria d\u2019Educaci\u00f3 de la Generalitat Valenciana.<\/a><\/li>\n<\/ul>\n<p>[\/et_pb_text][\/et_pb_column][\/et_pb_row][\/et_pb_section]<\/p>","protected":false},"excerpt":{"rendered":"<p>[et_pb_section admin_label=&#8221;Secci\u00f3n&#8221; fullwidth=&#8221;off&#8221; specialty=&#8221;off&#8221; transparent_background=&#8221;off&#8221; allow_player_pause=&#8221;off&#8221; inner_shadow=&#8221;off&#8221; parallax=&#8221;off&#8221; parallax_method=&#8221;off&#8221; padding_mobile=&#8221;off&#8221; make_fullwidth=&#8221;off&#8221; use_custom_width=&#8221;off&#8221; width_unit=&#8221;on&#8221; make_equal=&#8221;off&#8221; use_custom_gutter=&#8221;off&#8221; custom_padding=&#8221;50px||50px|&#8221; background_image=&#8221;http:\/\/culturdes.umh.es\/files\/2018\/04\/Playa_Manantial-2.jpg&#8221;][et_pb_row admin_label=&#8221;Fila&#8221;][et_pb_column type=&#8221;4_4&#8243;][et_pb_text admin_label=&#8221;Texto&#8221; background_layout=&#8221;dark&#8221; text_orientation=&#8221;center&#8221; use_border_color=&#8221;off&#8221; border_color=&#8221;#ffffff&#8221; border_style=&#8221;solid&#8221; custom_margin=&#8221;||0px|&#8221; custom_padding=&#8221;||5px|&#8221;] Cooperaci\u00f3n al desarrollo [\/et_pb_text][\/et_pb_column][\/et_pb_row][\/et_pb_section][et_pb_section admin_label=&#8221;Secci\u00f3n&#8221; fullwidth=&#8221;on&#8221; specialty=&#8221;off&#8221;][et_pb_fullwidth_menu admin_label=&#8221;Men\u00fa de anchura completa&#8221; menu_id=&#8221;11&#8243; background_color=&#8221;#ededed&#8221; background_layout=&#8221;light&#8221; text_orientation=&#8221;center&#8221; submenu_direction=&#8221;downwards&#8221; fullwidth_menu=&#8221;off&#8221; dropdown_menu_animation=&#8221;fade&#8221; menu_text_color=&#8221;#000000&#8243; menu_font=&#8221;|on|||&#8221;] \u00a0 [\/et_pb_fullwidth_menu][\/et_pb_section][et_pb_section admin_label=&#8221;section&#8221;][et_pb_row admin_label=&#8221;Fila&#8221;][et_pb_column type=&#8221;4_4&#8243;][et_pb_text admin_label=&#8221;Texto&#8221; background_layout=&#8221;light&#8221; text_orientation=&#8221;left&#8221; [&hellip;]<\/p>\n","protected":false},"author":6277,"featured_media":0,"parent":0,"menu_order":0,"comment_status":"open","ping_status":"open","template":"","meta":{"_links_to":"","_links_to_target":""},"_links":{"self":[{"href":"https:\/\/culturdes.umh.es\/en\/wp-json\/wp\/v2\/pages\/1954"}],"collection":[{"href":"https:\/\/culturdes.umh.es\/en\/wp-json\/wp\/v2\/pages"}],"about":[{"href":"https:\/\/culturdes.umh.es\/en\/wp-json\/wp\/v2\/types\/page"}],"author":[{"embeddable":true,"href":"https:\/\/culturdes.umh.es\/en\/wp-json\/wp\/v2\/users\/6277"}],"replies":[{"embeddable":true,"href":"https:\/\/culturdes.umh.es\/en\/wp-json\/wp\/v2\/comments?post=1954"}],"version-history":[{"count":0,"href":"https:\/\/culturdes.umh.es\/en\/wp-json\/wp\/v2\/pages\/1954\/revisions"}],"wp:attachment":[{"href":"https:\/\/culturdes.umh.es\/en\/wp-json\/wp\/v2\/media?parent=1954"}],"curies":[{"name":"wp","href":"https:\/\/api.w.org\/{rel}","templated":true}]}}