{"id":1969,"date":"2018-05-04T08:20:08","date_gmt":"2018-05-04T08:20:08","guid":{"rendered":"http:\/\/culturdes.umh.es\/?page_id=1969"},"modified":"2019-07-05T08:07:04","modified_gmt":"2019-07-05T08:07:04","slug":"documentales-etnograficos","status":"publish","type":"page","link":"https:\/\/culturdes.umh.es\/en\/documentales-etnograficos\/","title":{"rendered":"Documentales etnogr\u00e1ficos"},"content":{"rendered":"<p>[et_pb_section admin_label=&#8221;Secci\u00f3n&#8221; fullwidth=&#8221;off&#8221; specialty=&#8221;off&#8221; transparent_background=&#8221;off&#8221; allow_player_pause=&#8221;off&#8221; inner_shadow=&#8221;off&#8221; parallax=&#8221;off&#8221; parallax_method=&#8221;off&#8221; padding_mobile=&#8221;off&#8221; make_fullwidth=&#8221;off&#8221; use_custom_width=&#8221;off&#8221; width_unit=&#8221;on&#8221; make_equal=&#8221;off&#8221; use_custom_gutter=&#8221;off&#8221; custom_padding=&#8221;50px||50px|&#8221; background_image=&#8221;http:\/\/culturdes.umh.es\/files\/2018\/04\/Playa_Manantial-2.jpg&#8221;][et_pb_row admin_label=&#8221;Fila&#8221;][et_pb_column type=&#8221;4_4&#8243;][et_pb_text admin_label=&#8221;Texto&#8221; background_layout=&#8221;dark&#8221; text_orientation=&#8221;center&#8221; use_border_color=&#8221;off&#8221; border_color=&#8221;#ffffff&#8221; border_style=&#8221;solid&#8221; custom_margin=&#8221;||0px|&#8221; custom_padding=&#8221;||5px|&#8221;]<\/p>\n<h2>Documentales etnogr\u00e1ficos<\/h2>\n<p>[\/et_pb_text][\/et_pb_column][\/et_pb_row][\/et_pb_section][et_pb_section admin_label=&#8221;Secci\u00f3n&#8221; fullwidth=&#8221;on&#8221; specialty=&#8221;off&#8221;][et_pb_fullwidth_menu admin_label=&#8221;Men\u00fa de anchura completa&#8221; menu_id=&#8221;11&#8243; background_color=&#8221;#ededed&#8221; background_layout=&#8221;light&#8221; text_orientation=&#8221;center&#8221; submenu_direction=&#8221;downwards&#8221; fullwidth_menu=&#8221;off&#8221; dropdown_menu_animation=&#8221;fade&#8221; menu_text_color=&#8221;#000000&#8243; menu_font=&#8221;|on|||&#8221;]<\/p>\n<p>\u00a0<\/p>\n<p>[\/et_pb_fullwidth_menu][\/et_pb_section][et_pb_section admin_label=&#8221;section&#8221;][et_pb_row admin_label=&#8221;Fila&#8221;][et_pb_column type=&#8221;4_4&#8243;][et_pb_text admin_label=&#8221;Texto&#8221; background_layout=&#8221;light&#8221; text_orientation=&#8221;left&#8221; use_border_color=&#8221;off&#8221; border_color=&#8221;#ffffff&#8221; border_style=&#8221;solid&#8221;]<\/p>\n<ol>\n<li><strong><a href=\"http:\/\/culturdes.umh.es\/hellin-2009\/\">Los colonos del siglo XX: el proceso de colonizaci\u00f3n en la comarca de Hell\u00edn<\/a><\/strong>\u00a0(2009) fue realizado en el marco de una investigaci\u00f3n socio-antropol\u00f3gica de los poblados de colonizaci\u00f3n de la comarca de Hell\u00edn (Albacete) y financiado por el\u00a0<em>Programa de Desarrollo Rural \u2013 PRODER Campos de Hell\u00edn<\/em>.<\/li>\n<p><\/br><\/p>\n<li><strong><a href=\"http:\/\/culturdes.umh.es\/extremadura-2008\/\">Colonizaci\u00f3n, as\u00ed fue, as\u00ed somos<\/a><\/strong>\u00a0(2008) fue realizado en el marco de un\u00a0<em>contrato de asesoramiento y asistencia t\u00e9cnica\u00a0<\/em>a Cineproad S.L. para el rodaje de un documental de car\u00e1cter etnogr\u00e1fico dentro de un proyecto de colaboraci\u00f3n entre los programas de desarrollo rural de las comarcas de Hell\u00edn (Albacete), L\u00e1cara, Alag\u00f3n y Miajadas-Trujillo (Extremadura).<\/li>\n<p><\/br><\/p>\n<li><strong><a href=\"http:\/\/culturdes.umh.es\/contrapuntos\/\">Contrapuntos<\/a><\/strong>\u00a0(2013) fue realizado en el marco del\u00a0<em>contrato de asesoramiento y asistencia t\u00e9cnica\u00a0<\/em>con la\u00a0<a href=\"http:\/\/fagacv.es\/\" target=\"_blank\">Federaci\u00f3n de Asociaciones Gitanas de la provincia de Alicante (FAGA)<\/a>, para la elaboraci\u00f3n de un documental de base antropol\u00f3gica sobre la juventud gitana y paya en la sociedad espa\u00f1ola actual.<\/li>\n<\/ol>\n<p>[\/et_pb_text][\/et_pb_column][\/et_pb_row][\/et_pb_section]<\/p>","protected":false},"excerpt":{"rendered":"<p>[et_pb_section admin_label=&#8221;Secci\u00f3n&#8221; fullwidth=&#8221;off&#8221; specialty=&#8221;off&#8221; transparent_background=&#8221;off&#8221; allow_player_pause=&#8221;off&#8221; inner_shadow=&#8221;off&#8221; parallax=&#8221;off&#8221; parallax_method=&#8221;off&#8221; padding_mobile=&#8221;off&#8221; make_fullwidth=&#8221;off&#8221; use_custom_width=&#8221;off&#8221; width_unit=&#8221;on&#8221; make_equal=&#8221;off&#8221; use_custom_gutter=&#8221;off&#8221; custom_padding=&#8221;50px||50px|&#8221; background_image=&#8221;http:\/\/culturdes.umh.es\/files\/2018\/04\/Playa_Manantial-2.jpg&#8221;][et_pb_row admin_label=&#8221;Fila&#8221;][et_pb_column type=&#8221;4_4&#8243;][et_pb_text admin_label=&#8221;Texto&#8221; background_layout=&#8221;dark&#8221; text_orientation=&#8221;center&#8221; use_border_color=&#8221;off&#8221; border_color=&#8221;#ffffff&#8221; border_style=&#8221;solid&#8221; custom_margin=&#8221;||0px|&#8221; custom_padding=&#8221;||5px|&#8221;] Documentales etnogr\u00e1ficos [\/et_pb_text][\/et_pb_column][\/et_pb_row][\/et_pb_section][et_pb_section admin_label=&#8221;Secci\u00f3n&#8221; fullwidth=&#8221;on&#8221; specialty=&#8221;off&#8221;][et_pb_fullwidth_menu admin_label=&#8221;Men\u00fa de anchura completa&#8221; menu_id=&#8221;11&#8243; background_color=&#8221;#ededed&#8221; background_layout=&#8221;light&#8221; text_orientation=&#8221;center&#8221; submenu_direction=&#8221;downwards&#8221; fullwidth_menu=&#8221;off&#8221; dropdown_menu_animation=&#8221;fade&#8221; menu_text_color=&#8221;#000000&#8243; menu_font=&#8221;|on|||&#8221;] \u00a0 [\/et_pb_fullwidth_menu][\/et_pb_section][et_pb_section admin_label=&#8221;section&#8221;][et_pb_row admin_label=&#8221;Fila&#8221;][et_pb_column type=&#8221;4_4&#8243;][et_pb_text admin_label=&#8221;Texto&#8221; background_layout=&#8221;light&#8221; text_orientation=&#8221;left&#8221; use_border_color=&#8221;off&#8221; [&hellip;]<\/p>\n","protected":false},"author":6277,"featured_media":0,"parent":0,"menu_order":0,"comment_status":"open","ping_status":"open","template":"","meta":{"_links_to":"","_links_to_target":""},"_links":{"self":[{"href":"https:\/\/culturdes.umh.es\/en\/wp-json\/wp\/v2\/pages\/1969"}],"collection":[{"href":"https:\/\/culturdes.umh.es\/en\/wp-json\/wp\/v2\/pages"}],"about":[{"href":"https:\/\/culturdes.umh.es\/en\/wp-json\/wp\/v2\/types\/page"}],"author":[{"embeddable":true,"href":"https:\/\/culturdes.umh.es\/en\/wp-json\/wp\/v2\/users\/6277"}],"replies":[{"embeddable":true,"href":"https:\/\/culturdes.umh.es\/en\/wp-json\/wp\/v2\/comments?post=1969"}],"version-history":[{"count":0,"href":"https:\/\/culturdes.umh.es\/en\/wp-json\/wp\/v2\/pages\/1969\/revisions"}],"wp:attachment":[{"href":"https:\/\/culturdes.umh.es\/en\/wp-json\/wp\/v2\/media?parent=1969"}],"curies":[{"name":"wp","href":"https:\/\/api.w.org\/{rel}","templated":true}]}}