{"id":2027,"date":"2018-05-04T09:54:02","date_gmt":"2018-05-04T09:54:02","guid":{"rendered":"http:\/\/culturdes.umh.es\/?page_id=2027"},"modified":"2018-05-08T07:50:47","modified_gmt":"2018-05-08T07:50:47","slug":"hellin-2009","status":"publish","type":"page","link":"https:\/\/culturdes.umh.es\/en\/hellin-2009\/","title":{"rendered":"Hell\u00edn 2009"},"content":{"rendered":"<p>[et_pb_section admin_label=&#8221;Secci\u00f3n&#8221; fullwidth=&#8221;off&#8221; specialty=&#8221;off&#8221; transparent_background=&#8221;off&#8221; allow_player_pause=&#8221;off&#8221; inner_shadow=&#8221;off&#8221; parallax=&#8221;off&#8221; parallax_method=&#8221;off&#8221; padding_mobile=&#8221;off&#8221; make_fullwidth=&#8221;off&#8221; use_custom_width=&#8221;off&#8221; width_unit=&#8221;on&#8221; make_equal=&#8221;off&#8221; use_custom_gutter=&#8221;off&#8221; custom_padding=&#8221;50px||50px|&#8221; background_image=&#8221;http:\/\/culturdes.umh.es\/files\/2018\/04\/Playa_Manantial-2.jpg&#8221;][et_pb_row admin_label=&#8221;Fila&#8221;][et_pb_column type=&#8221;4_4&#8243;][et_pb_text admin_label=&#8221;Texto&#8221; background_layout=&#8221;dark&#8221; text_orientation=&#8221;center&#8221; use_border_color=&#8221;off&#8221; border_color=&#8221;#ffffff&#8221; border_style=&#8221;solid&#8221; custom_margin=&#8221;||0px|&#8221; custom_padding=&#8221;||5px|&#8221;]<\/p>\n<h2>Hell\u00edn 2009<\/h2>\n<p>[\/et_pb_text][\/et_pb_column][\/et_pb_row][\/et_pb_section][et_pb_section admin_label=&#8221;Secci\u00f3n&#8221; fullwidth=&#8221;on&#8221; specialty=&#8221;off&#8221;][et_pb_fullwidth_menu admin_label=&#8221;Men\u00fa de anchura completa&#8221; menu_id=&#8221;11&#8243; background_color=&#8221;#ededed&#8221; background_layout=&#8221;light&#8221; text_orientation=&#8221;center&#8221; submenu_direction=&#8221;downwards&#8221; fullwidth_menu=&#8221;off&#8221; dropdown_menu_animation=&#8221;fade&#8221; menu_text_color=&#8221;#000000&#8243; menu_font=&#8221;|on|||&#8221;]<\/p>\n<p>&nbsp;<\/p>\n<p>[\/et_pb_fullwidth_menu][\/et_pb_section][et_pb_section admin_label=&#8221;section&#8221;][et_pb_row admin_label=&#8221;Fila&#8221;][et_pb_column type=&#8221;4_4&#8243;][et_pb_text admin_label=&#8221;Texto&#8221; background_layout=&#8221;light&#8221; text_orientation=&#8221;left&#8221; use_border_color=&#8221;off&#8221; border_color=&#8221;#ffffff&#8221; border_style=&#8221;solid&#8221;]<\/p>\n<p>Entre Septiembre de 2008 y Enero de 2009 realizamos un trabajo de investigaci\u00f3n y estudio de campo en los poblados de colonizaci\u00f3n de la comarca albacete\u00f1a de Hell\u00edn (Mingogil, Nava de Campana y Ca\u00f1ada de Agra) en el marco del programa de desarrollo rural, PRODER-Campos de Hell\u00edn y en colaboraci\u00f3n con Largadata S.L.<\/p>\n<p>Esta investigaci\u00f3n se plam\u00f3 en un proyecto audiovisual, \u201c<strong>Los colonos del siglo XX: El proceso de colonizaci\u00f3n en la comarca de Hell\u00edn<\/strong>\u201c, que recoge la historia de los poblados, la memoria de los primeros colonos y sus principales problemas y desaf\u00edos de futuro.<\/p>\n<p>Tras esta investigaci\u00f3n el proyecto audiovisual se extendi\u00f3 a las comarcas de L\u00e1cara, Trujillo y Miajadas en Extremadura dando vida al documental de caracter etnogr\u00e1fico \u201c<a href=\"http:\/\/culturdes.umh.es\/investigacion\/documentales\/documental-hellin-2009\/documental-extremadura-2008\">Colonizaci\u00f3n, as\u00ed fue, as\u00ed somos<\/a>\u201c.<\/p>\n<p>[\/et_pb_text][\/et_pb_column][\/et_pb_row][et_pb_row admin_label=&#8221;Fila&#8221;][et_pb_column type=&#8221;1_3&#8243;][et_pb_image admin_label=&#8221;Imagen&#8221; src=&#8221;http:\/\/culturdes.umh.es\/files\/2018\/05\/Ca\u00f1ada-de-Agra-300&#215;259.jpg&#8221; show_in_lightbox=&#8221;off&#8221; url_new_window=&#8221;off&#8221; use_overlay=&#8221;off&#8221; animation=&#8221;off&#8221; sticky=&#8221;off&#8221; align=&#8221;left&#8221; force_fullwidth=&#8221;off&#8221; always_center_on_mobile=&#8221;on&#8221; use_border_color=&#8221;off&#8221; border_color=&#8221;#ffffff&#8221; border_style=&#8221;solid&#8221;] [\/et_pb_image][\/et_pb_column][et_pb_column type=&#8221;1_3&#8243;][et_pb_image admin_label=&#8221;Imagen&#8221; src=&#8221;http:\/\/culturdes.umh.es\/files\/2018\/05\/Entrevista_de_campo-300&#215;173.jpg&#8221; show_in_lightbox=&#8221;off&#8221; url_new_window=&#8221;off&#8221; use_overlay=&#8221;off&#8221; animation=&#8221;off&#8221; sticky=&#8221;off&#8221; align=&#8221;left&#8221; force_fullwidth=&#8221;off&#8221; always_center_on_mobile=&#8221;on&#8221; use_border_color=&#8221;off&#8221; border_color=&#8221;#ffffff&#8221; border_style=&#8221;solid&#8221;] [\/et_pb_image][\/et_pb_column][et_pb_column type=&#8221;1_3&#8243;][\/et_pb_column][\/et_pb_row][\/et_pb_section]<\/p>\n","protected":false},"excerpt":{"rendered":"<p>[et_pb_section admin_label=&#8221;Secci\u00f3n&#8221; fullwidth=&#8221;off&#8221; specialty=&#8221;off&#8221; transparent_background=&#8221;off&#8221; allow_player_pause=&#8221;off&#8221; inner_shadow=&#8221;off&#8221; parallax=&#8221;off&#8221; parallax_method=&#8221;off&#8221; padding_mobile=&#8221;off&#8221; make_fullwidth=&#8221;off&#8221; use_custom_width=&#8221;off&#8221; width_unit=&#8221;on&#8221; make_equal=&#8221;off&#8221; use_custom_gutter=&#8221;off&#8221; custom_padding=&#8221;50px||50px|&#8221; background_image=&#8221;http:\/\/culturdes.umh.es\/files\/2018\/04\/Playa_Manantial-2.jpg&#8221;][et_pb_row admin_label=&#8221;Fila&#8221;][et_pb_column type=&#8221;4_4&#8243;][et_pb_text admin_label=&#8221;Texto&#8221; background_layout=&#8221;dark&#8221; text_orientation=&#8221;center&#8221; use_border_color=&#8221;off&#8221; border_color=&#8221;#ffffff&#8221; border_style=&#8221;solid&#8221; custom_margin=&#8221;||0px|&#8221; custom_padding=&#8221;||5px|&#8221;] Hell\u00edn 2009 [\/et_pb_text][\/et_pb_column][\/et_pb_row][\/et_pb_section][et_pb_section admin_label=&#8221;Secci\u00f3n&#8221; fullwidth=&#8221;on&#8221; specialty=&#8221;off&#8221;][et_pb_fullwidth_menu admin_label=&#8221;Men\u00fa de anchura completa&#8221; menu_id=&#8221;11&#8243; background_color=&#8221;#ededed&#8221; background_layout=&#8221;light&#8221; text_orientation=&#8221;center&#8221; submenu_direction=&#8221;downwards&#8221; fullwidth_menu=&#8221;off&#8221; dropdown_menu_animation=&#8221;fade&#8221; menu_text_color=&#8221;#000000&#8243; menu_font=&#8221;|on|||&#8221;] &nbsp; [\/et_pb_fullwidth_menu][\/et_pb_section][et_pb_section admin_label=&#8221;section&#8221;][et_pb_row admin_label=&#8221;Fila&#8221;][et_pb_column type=&#8221;4_4&#8243;][et_pb_text admin_label=&#8221;Texto&#8221; background_layout=&#8221;light&#8221; text_orientation=&#8221;left&#8221; use_border_color=&#8221;off&#8221; [&hellip;]<\/p>\n","protected":false},"author":6277,"featured_media":0,"parent":0,"menu_order":0,"comment_status":"open","ping_status":"open","template":"","meta":{"_links_to":"","_links_to_target":""},"_links":{"self":[{"href":"https:\/\/culturdes.umh.es\/en\/wp-json\/wp\/v2\/pages\/2027"}],"collection":[{"href":"https:\/\/culturdes.umh.es\/en\/wp-json\/wp\/v2\/pages"}],"about":[{"href":"https:\/\/culturdes.umh.es\/en\/wp-json\/wp\/v2\/types\/page"}],"author":[{"embeddable":true,"href":"https:\/\/culturdes.umh.es\/en\/wp-json\/wp\/v2\/users\/6277"}],"replies":[{"embeddable":true,"href":"https:\/\/culturdes.umh.es\/en\/wp-json\/wp\/v2\/comments?post=2027"}],"version-history":[{"count":0,"href":"https:\/\/culturdes.umh.es\/en\/wp-json\/wp\/v2\/pages\/2027\/revisions"}],"wp:attachment":[{"href":"https:\/\/culturdes.umh.es\/en\/wp-json\/wp\/v2\/media?parent=2027"}],"curies":[{"name":"wp","href":"https:\/\/api.w.org\/{rel}","templated":true}]}}