{"id":2122,"date":"2018-05-04T11:54:45","date_gmt":"2018-05-04T11:54:45","guid":{"rendered":"http:\/\/culturdes.umh.es\/?page_id=2122"},"modified":"2018-05-09T11:13:12","modified_gmt":"2018-05-09T11:13:12","slug":"cristina-soler-garcia","status":"publish","type":"page","link":"https:\/\/culturdes.umh.es\/en\/cristina-soler-garcia\/","title":{"rendered":"Cristina Soler Garc\u00eda"},"content":{"rendered":"<p>[et_pb_section admin_label=&#8221;Secci\u00f3n&#8221; fullwidth=&#8221;off&#8221; specialty=&#8221;off&#8221; transparent_background=&#8221;off&#8221; allow_player_pause=&#8221;off&#8221; inner_shadow=&#8221;off&#8221; parallax=&#8221;off&#8221; parallax_method=&#8221;off&#8221; padding_mobile=&#8221;off&#8221; make_fullwidth=&#8221;off&#8221; use_custom_width=&#8221;off&#8221; width_unit=&#8221;on&#8221; make_equal=&#8221;off&#8221; use_custom_gutter=&#8221;off&#8221; custom_padding=&#8221;50px||50px|&#8221; background_image=&#8221;http:\/\/culturdes.umh.es\/files\/2018\/04\/Playa_Manantial-2.jpg&#8221;][et_pb_row admin_label=&#8221;Fila&#8221;][et_pb_column type=&#8221;4_4&#8243;][et_pb_text admin_label=&#8221;Texto&#8221; background_layout=&#8221;dark&#8221; text_orientation=&#8221;center&#8221; use_border_color=&#8221;off&#8221; border_color=&#8221;#ffffff&#8221; border_style=&#8221;solid&#8221; custom_margin=&#8221;||0px|&#8221; custom_padding=&#8221;||5px|&#8221;]<\/p>\n<h2>Cristina Soler Garc\u00eda<\/h2>\n<p>[\/et_pb_text][\/et_pb_column][\/et_pb_row][\/et_pb_section][et_pb_section admin_label=&#8221;Secci\u00f3n&#8221; fullwidth=&#8221;on&#8221; specialty=&#8221;off&#8221;][et_pb_fullwidth_menu admin_label=&#8221;Men\u00fa de anchura completa&#8221; menu_id=&#8221;11&#8243; background_color=&#8221;#ededed&#8221; background_layout=&#8221;light&#8221; text_orientation=&#8221;center&#8221; submenu_direction=&#8221;downwards&#8221; fullwidth_menu=&#8221;off&#8221; dropdown_menu_animation=&#8221;fade&#8221; menu_text_color=&#8221;#000000&#8243; menu_font=&#8221;|on|||&#8221;]<\/p>\n<p>[\/et_pb_fullwidth_menu][\/et_pb_section][et_pb_section admin_label=&#8221;Secci\u00f3n&#8221; fullwidth=&#8221;off&#8221; specialty=&#8221;off&#8221;][et_pb_row admin_label=&#8221;Fila&#8221;][et_pb_column type=&#8221;2_3&#8243;][et_pb_text admin_label=&#8221;Texto&#8221; background_layout=&#8221;light&#8221; text_orientation=&#8221;left&#8221; use_border_color=&#8221;off&#8221; border_color=&#8221;#ffffff&#8221; border_style=&#8221;solid&#8221; custom_margin=&#8221;|200px||&#8221;]<\/p>\n<p><strong>Dra. Cristina Soler Garc\u00eda<\/strong><\/p>\n<p><strong>Correo electr\u00f3nico:<\/strong>\u00a0crisoler@gmail.com<\/p>\n<p>[\/et_pb_text][\/et_pb_column][et_pb_column type=&#8221;1_3&#8243;][et_pb_image admin_label=&#8221;Imagen&#8221; src=&#8221;http:\/\/culturdes.umh.es\/files\/2018\/05\/CSG1.jpg&#8221; show_in_lightbox=&#8221;off&#8221; url_new_window=&#8221;off&#8221; use_overlay=&#8221;off&#8221; animation=&#8221;off&#8221; sticky=&#8221;off&#8221; align=&#8221;right&#8221; force_fullwidth=&#8221;off&#8221; always_center_on_mobile=&#8221;on&#8221; use_border_color=&#8221;off&#8221; border_color=&#8221;#ffffff&#8221; border_style=&#8221;solid&#8221; custom_margin=&#8221;|50px||&#8221;]<\/p>\n<p>[\/et_pb_image][\/et_pb_column][\/et_pb_row][et_pb_row admin_label=&#8221;Fila&#8221;][et_pb_column type=&#8221;4_4&#8243;][et_pb_text admin_label=&#8221;Texto&#8221; background_layout=&#8221;light&#8221; text_orientation=&#8221;left&#8221; use_border_color=&#8221;off&#8221; border_color=&#8221;#ffffff&#8221; border_style=&#8221;solid&#8221;]<\/p>\n<p style=\"text-align: justify;\">Soy doctora y licenciada en antropolog\u00eda social y cultural por la\u00a0<a href=\"http:\/\/www.umh.es\/\" target=\"_blank\" rel=\"noopener\">Universitas Miguel Hern\u00e1ndez<\/a>\u00a0y licenciada en sociolog\u00eda por la\u00a0<a href=\"http:\/\/www.ua.es\/\" target=\"_blank\" rel=\"noopener\">Universidad de Alicante<\/a>. Mi principal l\u00ednea de investigaci\u00f3n aborda la relaci\u00f3n entre patrimonio cultural, memoria social y desarrollo. En este \u00e1mbito he participado como investigadora en los proyectos que hemos realizado desde\u00a0<strong>CULTURDES<\/strong>\u00a0en\u00a0<a href=\"http:\/\/culturdes.umh.es\/el-salvador-2009\/\">El Salvador (2009)<\/a>\u00a0y en\u00a0<a href=\"http:\/\/culturdes.umh.es\/ecuador-2010\/\">Ecuador (2010)<\/a>.<\/p>\n<p>[\/et_pb_text][\/et_pb_column][\/et_pb_row][et_pb_row admin_label=&#8221;Fila&#8221;][et_pb_column type=&#8221;4_4&#8243;][et_pb_text admin_label=&#8221;Texto&#8221; background_layout=&#8221;light&#8221; text_orientation=&#8221;left&#8221; use_border_color=&#8221;off&#8221; border_color=&#8221;#ffffff&#8221; border_style=&#8221;solid&#8221;]<\/p>\n<p><strong>L\u00edneas de investigaci\u00f3n<\/strong><\/p>\n<p>[\/et_pb_text][et_pb_text admin_label=&#8221;Texto&#8221; background_layout=&#8221;light&#8221; text_orientation=&#8221;left&#8221; use_border_color=&#8221;off&#8221; border_color=&#8221;#ffffff&#8221; border_style=&#8221;solid&#8221;]<\/p>\n<ol>\n<li>El papel de la cultura, en tanto que provisora de sentido simb\u00f3lico y territorial, en la eficacia de los procesos de desarrollo.<\/li>\n<p><\/br><\/p>\n<li>La contribuci\u00f3n aplicada de la antropolog\u00eda sociocultural en el \u00e1mbito de la cooperaci\u00f3n internacional para el desarrollo.<\/li>\n<p><\/br><\/p>\n<li>La construcci\u00f3n de modelos de desarrollo basados en el\u00a0<em>ethos<\/em>\u00a0cultural.<\/li>\n<\/ol>\n<p>[\/et_pb_text][\/et_pb_column][\/et_pb_row][et_pb_row admin_label=&#8221;Fila&#8221;][et_pb_column type=&#8221;4_4&#8243;][et_pb_text admin_label=&#8221;Texto&#8221; background_layout=&#8221;light&#8221; text_orientation=&#8221;left&#8221; use_border_color=&#8221;off&#8221; border_color=&#8221;#ffffff&#8221; border_style=&#8221;solid&#8221;]<\/p>\n<p><strong>Publicaciones m\u00e1s relevantes<\/strong><\/p>\n<p>[\/et_pb_text][et_pb_text admin_label=&#8221;Texto&#8221; background_layout=&#8221;light&#8221; text_orientation=&#8221;left&#8221; use_border_color=&#8221;off&#8221; border_color=&#8221;#ffffff&#8221; border_style=&#8221;solid&#8221;]<\/p>\n<ul>\n<li>2010\u00a0<a href=\"https:\/\/www.researchgate.net\/profile\/Antonio_Nogues-Pedregal\/publications?pubType=inProceedings\" target=\"_blank\" rel=\"noopener\">Cultura, turismo y desarrollo, o c\u00f3mo la cultura se diluye con el patrimonio cultural<\/a>.<\/li>\n<\/ul>\n<ul>\n<li>2009\u00a0<a href=\"https:\/\/www.researchgate.net\/profile\/Antonio_Nogues-Pedregal\/publication\/265162423_Turismo_y_cooperacion_al_desarrollo_que_papel_desempena_la_cultura_en_esta_relacion\/links\/54ca60e90cf2c70ce521d17e.pdf\" target=\"_blank\" rel=\"noopener\">Turismo y (cooperaci\u00f3n al) desarrollo: qu\u00e9 papel desempe\u00f1a la cultura en esta relaci\u00f3n<\/a>.<\/li>\n<\/ul>\n<ul>\n<li>2007\u00a0<a href=\"http:\/\/www.futurelx.com\/docs\/1introd.pdf\" target=\"_blank\" rel=\"noopener\">Informe sociol\u00f3gico sobre inmigraci\u00f3n en la ciudad de Elche<\/a>.<\/li>\n<\/ul>\n<p>[\/et_pb_text][\/et_pb_column][\/et_pb_row][\/et_pb_section]<\/p>","protected":false},"excerpt":{"rendered":"<p>[et_pb_section admin_label=&#8221;Secci\u00f3n&#8221; fullwidth=&#8221;off&#8221; specialty=&#8221;off&#8221; transparent_background=&#8221;off&#8221; allow_player_pause=&#8221;off&#8221; inner_shadow=&#8221;off&#8221; parallax=&#8221;off&#8221; parallax_method=&#8221;off&#8221; padding_mobile=&#8221;off&#8221; make_fullwidth=&#8221;off&#8221; use_custom_width=&#8221;off&#8221; width_unit=&#8221;on&#8221; make_equal=&#8221;off&#8221; use_custom_gutter=&#8221;off&#8221; custom_padding=&#8221;50px||50px|&#8221; background_image=&#8221;http:\/\/culturdes.umh.es\/files\/2018\/04\/Playa_Manantial-2.jpg&#8221;][et_pb_row admin_label=&#8221;Fila&#8221;][et_pb_column type=&#8221;4_4&#8243;][et_pb_text admin_label=&#8221;Texto&#8221; background_layout=&#8221;dark&#8221; text_orientation=&#8221;center&#8221; use_border_color=&#8221;off&#8221; border_color=&#8221;#ffffff&#8221; border_style=&#8221;solid&#8221; custom_margin=&#8221;||0px|&#8221; custom_padding=&#8221;||5px|&#8221;] Cristina Soler Garc\u00eda [\/et_pb_text][\/et_pb_column][\/et_pb_row][\/et_pb_section][et_pb_section admin_label=&#8221;Secci\u00f3n&#8221; fullwidth=&#8221;on&#8221; specialty=&#8221;off&#8221;][et_pb_fullwidth_menu admin_label=&#8221;Men\u00fa de anchura completa&#8221; menu_id=&#8221;11&#8243; background_color=&#8221;#ededed&#8221; background_layout=&#8221;light&#8221; text_orientation=&#8221;center&#8221; submenu_direction=&#8221;downwards&#8221; fullwidth_menu=&#8221;off&#8221; dropdown_menu_animation=&#8221;fade&#8221; menu_text_color=&#8221;#000000&#8243; menu_font=&#8221;|on|||&#8221;] [\/et_pb_fullwidth_menu][\/et_pb_section][et_pb_section admin_label=&#8221;Secci\u00f3n&#8221; fullwidth=&#8221;off&#8221; specialty=&#8221;off&#8221;][et_pb_row admin_label=&#8221;Fila&#8221;][et_pb_column type=&#8221;2_3&#8243;][et_pb_text admin_label=&#8221;Texto&#8221; background_layout=&#8221;light&#8221; [&hellip;]<\/p>\n","protected":false},"author":6277,"featured_media":0,"parent":0,"menu_order":0,"comment_status":"open","ping_status":"open","template":"","meta":{"_links_to":"","_links_to_target":""},"_links":{"self":[{"href":"https:\/\/culturdes.umh.es\/en\/wp-json\/wp\/v2\/pages\/2122"}],"collection":[{"href":"https:\/\/culturdes.umh.es\/en\/wp-json\/wp\/v2\/pages"}],"about":[{"href":"https:\/\/culturdes.umh.es\/en\/wp-json\/wp\/v2\/types\/page"}],"author":[{"embeddable":true,"href":"https:\/\/culturdes.umh.es\/en\/wp-json\/wp\/v2\/users\/6277"}],"replies":[{"embeddable":true,"href":"https:\/\/culturdes.umh.es\/en\/wp-json\/wp\/v2\/comments?post=2122"}],"version-history":[{"count":0,"href":"https:\/\/culturdes.umh.es\/en\/wp-json\/wp\/v2\/pages\/2122\/revisions"}],"wp:attachment":[{"href":"https:\/\/culturdes.umh.es\/en\/wp-json\/wp\/v2\/media?parent=2122"}],"curies":[{"name":"wp","href":"https:\/\/api.w.org\/{rel}","templated":true}]}}