{"id":2159,"date":"2018-05-07T07:28:41","date_gmt":"2018-05-07T07:28:41","guid":{"rendered":"http:\/\/culturdes.umh.es\/?page_id=2159"},"modified":"2018-05-09T10:57:00","modified_gmt":"2018-05-09T10:57:00","slug":"raul-trave-molero","status":"publish","type":"page","link":"https:\/\/culturdes.umh.es\/en\/raul-trave-molero\/","title":{"rendered":"Ra\u00fal Trav\u00e9 Molero"},"content":{"rendered":"<p>[et_pb_section admin_label=&#8221;Secci\u00f3n&#8221; fullwidth=&#8221;off&#8221; specialty=&#8221;off&#8221; transparent_background=&#8221;off&#8221; allow_player_pause=&#8221;off&#8221; inner_shadow=&#8221;off&#8221; parallax=&#8221;off&#8221; parallax_method=&#8221;off&#8221; padding_mobile=&#8221;off&#8221; make_fullwidth=&#8221;off&#8221; use_custom_width=&#8221;off&#8221; width_unit=&#8221;on&#8221; make_equal=&#8221;off&#8221; use_custom_gutter=&#8221;off&#8221; custom_padding=&#8221;50px||50px|&#8221; background_image=&#8221;http:\/\/culturdes.umh.es\/files\/2018\/04\/Playa_Manantial-2.jpg&#8221;][et_pb_row admin_label=&#8221;Fila&#8221;][et_pb_column type=&#8221;4_4&#8243;][et_pb_text admin_label=&#8221;Texto&#8221; background_layout=&#8221;dark&#8221; text_orientation=&#8221;center&#8221; use_border_color=&#8221;off&#8221; border_color=&#8221;#ffffff&#8221; border_style=&#8221;solid&#8221; custom_margin=&#8221;||0px|&#8221; custom_padding=&#8221;||5px|&#8221;]<\/p>\n<h2>Ra\u00fal Trav\u00e9 Molero<\/h2>\n<p>[\/et_pb_text][\/et_pb_column][\/et_pb_row][\/et_pb_section][et_pb_section admin_label=&#8221;Secci\u00f3n&#8221; fullwidth=&#8221;on&#8221; specialty=&#8221;off&#8221;][et_pb_fullwidth_menu admin_label=&#8221;Men\u00fa de anchura completa&#8221; menu_id=&#8221;11&#8243; background_color=&#8221;#ededed&#8221; background_layout=&#8221;light&#8221; text_orientation=&#8221;center&#8221; submenu_direction=&#8221;downwards&#8221; fullwidth_menu=&#8221;off&#8221; dropdown_menu_animation=&#8221;fade&#8221; menu_text_color=&#8221;#000000&#8243; menu_font=&#8221;|on|||&#8221;]<\/p>\n<p>[\/et_pb_fullwidth_menu][\/et_pb_section][et_pb_section admin_label=&#8221;Secci\u00f3n&#8221; fullwidth=&#8221;off&#8221; specialty=&#8221;off&#8221;][et_pb_row admin_label=&#8221;Fila&#8221;][et_pb_column type=&#8221;2_3&#8243;][et_pb_text admin_label=&#8221;Texto&#8221; background_layout=&#8221;light&#8221; text_orientation=&#8221;left&#8221; use_border_color=&#8221;off&#8221; border_color=&#8221;#ffffff&#8221; border_style=&#8221;solid&#8221; custom_margin=&#8221;|200px||&#8221;]<\/p>\n<p><strong>Dr. Ra\u00fal Trav\u00e9 Molero<\/strong><\/p>\n<p><strong>Correo electr\u00f3nico:<\/strong>\u00a0rtrave@umh.es<\/p>\n<p>[\/et_pb_text][\/et_pb_column][et_pb_column type=&#8221;1_3&#8243;][et_pb_image admin_label=&#8221;Imagen&#8221; src=&#8221;http:\/\/culturdes.umh.es\/files\/2018\/05\/RTM.jpg&#8221; show_in_lightbox=&#8221;off&#8221; url_new_window=&#8221;off&#8221; use_overlay=&#8221;off&#8221; animation=&#8221;off&#8221; sticky=&#8221;off&#8221; align=&#8221;right&#8221; force_fullwidth=&#8221;off&#8221; always_center_on_mobile=&#8221;on&#8221; use_border_color=&#8221;off&#8221; border_color=&#8221;#ffffff&#8221; border_style=&#8221;solid&#8221; custom_margin=&#8221;|50px||&#8221;]<\/p>\n<p>[\/et_pb_image][\/et_pb_column][\/et_pb_row][et_pb_row admin_label=&#8221;Fila&#8221;][et_pb_column type=&#8221;4_4&#8243;][et_pb_text admin_label=&#8221;Texto&#8221; background_layout=&#8221;light&#8221; text_orientation=&#8221;left&#8221; use_border_color=&#8221;off&#8221; border_color=&#8221;#ffffff&#8221; border_style=&#8221;solid&#8221;]<\/p>\n<p style=\"text-align: justify;\">Soy Doctor por la\u00a0<a href=\"http:\/\/www.umh.es\/\" target=\"_blank\">Universitas Miguel Hern\u00e1ndez<\/a>\u00a0en Antropolog\u00eda Social y Cultural, licenciado en Antropolog\u00eda (UMH) y en Periodismo (UCM). He trabajado como becario de investigaci\u00f3n (FPI) en el\u00a0<a href=\"http:\/\/socialesyhumanas.umh.es\/\" target=\"_blank\">Departamento de Ciencias Sociales y Humanas<\/a>de la UMH y he colaborado en diversos proyectos de investigaci\u00f3n.<\/p>\n<p>[\/et_pb_text][\/et_pb_column][\/et_pb_row][et_pb_row admin_label=&#8221;Fila&#8221;][et_pb_column type=&#8221;4_4&#8243;][et_pb_text admin_label=&#8221;Texto&#8221; background_layout=&#8221;light&#8221; text_orientation=&#8221;left&#8221; use_border_color=&#8221;off&#8221; border_color=&#8221;#ffffff&#8221; border_style=&#8221;solid&#8221;]<\/p>\n<p><strong>L\u00edneas de investigaci\u00f3n<\/strong><\/p>\n<p>[\/et_pb_text][et_pb_text admin_label=&#8221;Texto&#8221; background_layout=&#8221;light&#8221; text_orientation=&#8221;left&#8221; use_border_color=&#8221;off&#8221; border_color=&#8221;#ffffff&#8221; border_style=&#8221;solid&#8221;]<\/p>\n<ol>\n<li>Las mediaciones culturales como elementos clave en los procesos de significaci\u00f3n, especialmente en contextos de desarrollo.<\/li>\n<p><\/br><\/p>\n<li>La relaci\u00f3n dial\u00f3gica entre medios de comunicaci\u00f3n y receptores.<\/li>\n<p><\/br><\/p>\n<li>Los movimientos vecinales como agentes de cambio social.<\/li>\n<\/ol>\n<p>[\/et_pb_text][\/et_pb_column][\/et_pb_row][et_pb_row admin_label=&#8221;Fila&#8221;][et_pb_column type=&#8221;4_4&#8243;][et_pb_text admin_label=&#8221;Texto&#8221; background_layout=&#8221;light&#8221; text_orientation=&#8221;left&#8221; use_border_color=&#8221;off&#8221; border_color=&#8221;#ffffff&#8221; border_style=&#8221;solid&#8221;]<\/p>\n<p><strong>Publicaciones m\u00e1s relevantes<\/strong><\/p>\n<p>[\/et_pb_text][et_pb_text admin_label=&#8221;Texto&#8221; background_layout=&#8221;light&#8221; text_orientation=&#8221;left&#8221; use_border_color=&#8221;off&#8221; border_color=&#8221;#ffffff&#8221; border_style=&#8221;solid&#8221;]<\/p>\n<ul>\n<li>Carmona-Zubiri, D., Trav\u00e9-Molero, R. &#038; Nogu\u00e9s-Pedregal, A.M. (2015): \u201c<a href=\"http:\/\/www.revistaandaluzadeantropologia.org\/uploads\/raa\/n8\/nogues.pdf\" target=\"_blank\">Los misterios del patrimonio y el turismo en Elche. Lo global (UNESCO) en lo local (identidad)<\/a>\u201c.\u00a0<a href=\"http:\/\/www.revistaandaluzadeantropologia.org\/\" target=\"_blank\"><em>Revista Andaluza de Antropolog\u00eda<\/em><\/a>, 8: 113-140<\/li>\n<\/ul>\n<ul>\n<li>Trav\u00e9, R. &#038; Carmona, D. (2015 Forthcoming) \u201cChange, sociocultural, tourism\u201d, Encyclopedia of tourism, Jafar Jafari, Honggen Xiao (Ed.), chapter 245; Springuer.<\/li>\n<\/ul>\n<ul>\n<li>Trav\u00e9, R. And Carmona, D. (2015)\u00a0<a href=\"https:\/\/www.researchgate.net\/publication\/275033333_Agrarian_Colonization_and_Francoist_neo-traditionalism?ev=prf_pub\">\u201cAgrarian Colonization and Francoist neo-traditionalism\u201d<\/a>, Perverse identities. Identities in conflict, Flocel Sabat\u00e9 (Ed.), pages: 249-258; Peter Lang AG, Bern.<\/li>\n<\/ul>\n<ul>\n<li>Trav\u00e9, R. And Carmona, D. (2015)\u00a0<a href=\"https:\/\/www.researchgate.net\/publication\/275033235_The_representation_of_a_wished_identity_through_the_cultural_heritage_Elche_the_two_World_Heritage_City?ev=prf_pub\">\u201cThe representation of a wished identity through the cultural heritage: Elche, the two World Heritage City?\u201d<\/a>, Conditioned Identities. Wished-for and Unwished-for identities, Flocel Sabat\u00e9 (Ed.), pages: 219-234; Peter Lang AG, Bern.<\/li>\n<\/ul>\n<ul>\n<li>Trav\u00e9, R. (2013) \u201c<a href=\"https:\/\/www.researchgate.net\/publication\/277327598_AIBR_%28Antroplogos_Iberoamericanos_en_Red%29?ev=prf_pub\">Book review: Lidiar con turistas (Cooping with tourist)<\/a>\u201d, AIBR: Revista de Antropolog\u00eda Iberoamericana, 8(2): pages: 272-276.<\/li>\n<\/ul>\n<p>[\/et_pb_text][\/et_pb_column][\/et_pb_row][et_pb_row admin_label=&#8221;Fila&#8221;][et_pb_column type=&#8221;4_4&#8243;][et_pb_text admin_label=&#8221;Texto&#8221; background_layout=&#8221;light&#8221; text_orientation=&#8221;left&#8221; use_border_color=&#8221;off&#8221; border_color=&#8221;#ffffff&#8221; border_style=&#8221;solid&#8221;]<\/p>\n<p><strong>Trabajos audiovisuales<\/strong><\/p>\n<p>[\/et_pb_text][et_pb_text admin_label=&#8221;Texto&#8221; background_layout=&#8221;light&#8221; text_orientation=&#8221;left&#8221; use_border_color=&#8221;off&#8221; border_color=&#8221;#ffffff&#8221; border_style=&#8221;solid&#8221;]<\/p>\n<ul>\n<li><a href=\"https:\/\/www.youtube.com\/watch?v=GVfNkPG8Z6Y\" target=\"_blank\">Los colonos del siglo XX: Mingogil, Ca\u00f1ada de Agra y Nava de Campana.<\/a><\/li>\n<\/ul>\n<ul>\n<li><a href=\"https:\/\/www.youtube.com\/watch?v=8uYPvo6lGcs\" target=\"_blank\">Contrapuntos<\/a>.<\/li>\n<\/ul>\n<ul>\n<li><a href=\"https:\/\/www.youtube.com\/watch?v=tL0QaNZpiJU\" target=\"_blank\">Jornadas de desastres ecol\u00f3gicos 2011.<\/a><\/li>\n<\/ul>\n<p>[\/et_pb_text][\/et_pb_column][\/et_pb_row][et_pb_row admin_label=&#8221;Fila&#8221;][et_pb_column type=&#8221;4_4&#8243;][et_pb_text admin_label=&#8221;Texto&#8221; background_layout=&#8221;light&#8221; text_orientation=&#8221;left&#8221; use_border_color=&#8221;off&#8221; border_color=&#8221;#ffffff&#8221; border_style=&#8221;solid&#8221;]<\/p>\n<p><strong>Cursos, conferencias y presentaciones en congresos<\/strong><\/p>\n<p>[\/et_pb_text][et_pb_text admin_label=&#8221;Texto&#8221; background_layout=&#8221;light&#8221; text_orientation=&#8221;left&#8221; use_border_color=&#8221;off&#8221; border_color=&#8221;#ffffff&#8221; border_style=&#8221;solid&#8221;]<\/p>\n<ul>\n<li style=\"text-align: justify;\">Presentation: \u201cPuesta en valor de patrimonio minero en contextos tur\u00edsticos (dos casos del sudeste espa\u00f1ol).\u201d XV Congreso internacional sobre patrimonio geol\u00f3gico y minero, Logros\u00e1n, September 2014.<\/li>\n<\/ul>\n<ul>\n<li style=\"text-align: justify;\">Conference: \u201cMining: Anthropological perspectives\u201d. As visiting fellow in the Faculty of Arts (Department of Ethnology and Cultural Anthropology), May 2014.<\/li>\n<\/ul>\n<ul>\n<li style=\"text-align: justify;\">Presentation: \u201cUna dama ausente entre palmeras\u201d. 4th International Conference around Identity: Conditioned Identities. Wished-for and unwished-for identities. Universidad de Lleida, November 2013.<\/li>\n<\/ul>\n<ul>\n<li style=\"text-align: justify;\">Presentation: \u201cPortm\u00e1n, construcci\u00f3n y negociaci\u00f3n de un destino tur\u00edstico (sin turistas)\u201d. V Congresso da Associa\u00e7\u00e3o Portuguesa de Antropologia, UTAD Vila Real, September 2013.<\/li>\n<\/ul>\n<ul>\n<li style=\"text-align: justify;\">Course: \u201cNew mobilities in tourism destination\u201d. At the Erasmus Intensive Programm (LLP), Summer School: Studies of Migration and Mobility in Europe (MOBILE) Sopot (Poland) August 11-24, 2013.<\/li>\n<\/ul>\n<ul>\n<li style=\"text-align: justify;\">Course: \u201cTourism, culture and society\u201d. At the Erasmus Intensive Programm (LLP), Summer School: Studies of Migration and Mobility in Europe (MOBILE) Sopot (Poland) August 11-24, 2013.<\/li>\n<\/ul>\n<ul>\n<li style=\"text-align: justify;\">Presentation: 3rd International Conference around Identity: Perverse Identities. Identities in conflicto. Universidad de Lleida, November 2012: \u201cColonizaci\u00f3n agraria y neo-tradicionalismo franquista\u201d.<\/li>\n<\/ul>\n<ul>\n<li style=\"text-align: justify;\">Presentation: II Postgradute Conference ESGHT 2011. Universidade de Faro: \u201cFacts and discourses on tourism development in Portm\u00e1n (Murcia)\u201d.<\/li>\n<\/ul>\n<p>[\/et_pb_text][\/et_pb_column][\/et_pb_row][et_pb_row admin_label=&#8221;Fila&#8221;][et_pb_column type=&#8221;4_4&#8243;][et_pb_text admin_label=&#8221;Texto&#8221; background_layout=&#8221;light&#8221; text_orientation=&#8221;left&#8221; use_border_color=&#8221;off&#8221; border_color=&#8221;#ffffff&#8221; border_style=&#8221;solid&#8221;]<\/p>\n<p><strong>Perfiles acad\u00e9micos<\/strong><\/p>\n<p>[\/et_pb_text][et_pb_text admin_label=&#8221;Texto&#8221; background_layout=&#8221;light&#8221; text_orientation=&#8221;center&#8221; use_border_color=&#8221;off&#8221; border_color=&#8221;#ffffff&#8221; border_style=&#8221;solid&#8221;]<\/p>\n<table border=\"0\" width=\"602\" cellspacing=\"0\" cellpadding=\"0\">\n<tbody>\n<tr>\n<td width=\"113\"><img loading=\"lazy\" class=\"aligncenter wp-image-20 size-thumbnail\" title=\"Dialnet\" src=\"http:\/\/culturdes.umh.es\/files\/2013\/06\/Dialnet-logo.png\" alt=\"\" width=\"113\" height=\"22\" \/><\/td>\n<td width=\"113\"><a href=\"https:\/\/umh-es.academia.edu\/Ra%C3%BAlTrav%C3%A9Molero\" target=\"_blank\"><img loading=\"lazy\" class=\"aligncenter wp-image-20 size-thumbnail\" title=\"Academia.edu\" src=\"http:\/\/culturdes.umh.es\/files\/2013\/06\/academia-logo.gif\" alt=\"\" width=\"113\" height=\"22\" \/><\/a><\/td>\n<td width=\"112\"><img loading=\"lazy\" class=\"aligncenter wp-image-20 size-thumbnail\" title=\"OrcID\" src=\"http:\/\/culturdes.umh.es\/files\/2013\/06\/OrcID.png\" alt=\"\" width=\"112\" height=\"34\" \/><\/td>\n<\/tr>\n<tr>\n<td width=\"113\"><img loading=\"lazy\" class=\"aligncenter wp-image-20 size-thumbnail\" title=\"Scopus\" src=\"http:\/\/culturdes.umh.es\/files\/2013\/06\/Scopus2.jpg\" alt=\"\" width=\"113\" height=\"17\" \/><\/td>\n<td width=\"151\"><img loading=\"lazy\" class=\"aligncenter wp-image-20 size-thumbnail\" title=\"Research ID\" src=\"http:\/\/culturdes.umh.es\/files\/2013\/06\/ResearchID.gif\" alt=\"\" width=\"151\" height=\"17\" \/><\/td>\n<td width=\"151\"><a href=\"https:\/\/scholar.google.es\/citations?user=7qMpeLcAAAAJ&#038;hl=es\" target=\"_blank\"><img loading=\"lazy\" class=\"aligncenter wp-image-20 size-thumbnail\" title=\"Google Scholar\" src=\"http:\/\/culturdes.umh.es\/files\/2013\/06\/googlescholar.jpg\" alt=\"\" width=\"105\" height=\"35\" \/><\/a><\/td>\n<\/tr>\n<tr>\n<td width=\"113\"><img loading=\"lazy\" class=\"aligncenter wp-image-20\" title=\"Biblioteca Nacional de Espa\u00f1a\" src=\"http:\/\/www.bne.es\/es\/Micrositios\/Guias\/NovelaCienciaFiccion\/resources\/images\/Nuevo_logo_GobiernoxBNE.jpg\" alt=\"\" width=\"109\" height=\"30\" \/><\/td>\n<td width=\"113\"><img loading=\"lazy\" class=\"aligncenter wp-image-20\" title=\"Virtual International Authority File (VIAF) \" src=\"http:\/\/dialnet.unirioja.es\/imagen\/logos_bd\/viaf.png.pagespeed.ce.NwqUENp2h9.png\" alt=\"\" width=\"34\" height=\"34\" \/><\/td>\n<td width=\"113\"><a href=\"https:\/\/www.researchgate.net\/profile\/Raul_Molero\" target=\"_blank\"><img loading=\"lazy\" class=\"aligncenter wp-image-20\" title=\"Research Gate\" src=\"http:\/\/culturdes.umh.es\/files\/2015\/07\/ResearchGate_Logo.png\" alt=\"\" width=\"170\" height=\"25\" \/><\/a><\/td>\n<\/tr>\n<\/tbody>\n<\/table>\n<p>[\/et_pb_text][\/et_pb_column][\/et_pb_row][\/et_pb_section]<\/p>","protected":false},"excerpt":{"rendered":"<p>[et_pb_section admin_label=&#8221;Secci\u00f3n&#8221; fullwidth=&#8221;off&#8221; specialty=&#8221;off&#8221; transparent_background=&#8221;off&#8221; allow_player_pause=&#8221;off&#8221; inner_shadow=&#8221;off&#8221; parallax=&#8221;off&#8221; parallax_method=&#8221;off&#8221; padding_mobile=&#8221;off&#8221; make_fullwidth=&#8221;off&#8221; use_custom_width=&#8221;off&#8221; width_unit=&#8221;on&#8221; make_equal=&#8221;off&#8221; use_custom_gutter=&#8221;off&#8221; custom_padding=&#8221;50px||50px|&#8221; background_image=&#8221;http:\/\/culturdes.umh.es\/files\/2018\/04\/Playa_Manantial-2.jpg&#8221;][et_pb_row admin_label=&#8221;Fila&#8221;][et_pb_column type=&#8221;4_4&#8243;][et_pb_text admin_label=&#8221;Texto&#8221; background_layout=&#8221;dark&#8221; text_orientation=&#8221;center&#8221; use_border_color=&#8221;off&#8221; border_color=&#8221;#ffffff&#8221; border_style=&#8221;solid&#8221; custom_margin=&#8221;||0px|&#8221; custom_padding=&#8221;||5px|&#8221;] Ra\u00fal Trav\u00e9 Molero [\/et_pb_text][\/et_pb_column][\/et_pb_row][\/et_pb_section][et_pb_section admin_label=&#8221;Secci\u00f3n&#8221; fullwidth=&#8221;on&#8221; specialty=&#8221;off&#8221;][et_pb_fullwidth_menu admin_label=&#8221;Men\u00fa de anchura completa&#8221; menu_id=&#8221;11&#8243; background_color=&#8221;#ededed&#8221; background_layout=&#8221;light&#8221; text_orientation=&#8221;center&#8221; submenu_direction=&#8221;downwards&#8221; fullwidth_menu=&#8221;off&#8221; dropdown_menu_animation=&#8221;fade&#8221; menu_text_color=&#8221;#000000&#8243; menu_font=&#8221;|on|||&#8221;] [\/et_pb_fullwidth_menu][\/et_pb_section][et_pb_section admin_label=&#8221;Secci\u00f3n&#8221; fullwidth=&#8221;off&#8221; specialty=&#8221;off&#8221;][et_pb_row admin_label=&#8221;Fila&#8221;][et_pb_column type=&#8221;2_3&#8243;][et_pb_text admin_label=&#8221;Texto&#8221; background_layout=&#8221;light&#8221; [&hellip;]<\/p>\n","protected":false},"author":6277,"featured_media":0,"parent":0,"menu_order":0,"comment_status":"open","ping_status":"open","template":"","meta":{"_links_to":"","_links_to_target":""},"_links":{"self":[{"href":"https:\/\/culturdes.umh.es\/en\/wp-json\/wp\/v2\/pages\/2159"}],"collection":[{"href":"https:\/\/culturdes.umh.es\/en\/wp-json\/wp\/v2\/pages"}],"about":[{"href":"https:\/\/culturdes.umh.es\/en\/wp-json\/wp\/v2\/types\/page"}],"author":[{"embeddable":true,"href":"https:\/\/culturdes.umh.es\/en\/wp-json\/wp\/v2\/users\/6277"}],"replies":[{"embeddable":true,"href":"https:\/\/culturdes.umh.es\/en\/wp-json\/wp\/v2\/comments?post=2159"}],"version-history":[{"count":0,"href":"https:\/\/culturdes.umh.es\/en\/wp-json\/wp\/v2\/pages\/2159\/revisions"}],"wp:attachment":[{"href":"https:\/\/culturdes.umh.es\/en\/wp-json\/wp\/v2\/media?parent=2159"}],"curies":[{"name":"wp","href":"https:\/\/api.w.org\/{rel}","templated":true}]}}