{"id":2295,"date":"2018-05-07T11:00:16","date_gmt":"2018-05-07T11:00:16","guid":{"rendered":"http:\/\/culturdes.umh.es\/?page_id=2295"},"modified":"2019-11-17T18:47:08","modified_gmt":"2019-11-17T18:47:08","slug":"cantera-debate","status":"publish","type":"page","link":"https:\/\/culturdes.umh.es\/en\/cantera-debate\/","title":{"rendered":"Cantera Debate"},"content":{"rendered":"<p>[et_pb_section admin_label=&#8221;Secci\u00f3n&#8221; fullwidth=&#8221;off&#8221; specialty=&#8221;off&#8221; transparent_background=&#8221;off&#8221; allow_player_pause=&#8221;off&#8221; inner_shadow=&#8221;off&#8221; parallax=&#8221;off&#8221; parallax_method=&#8221;off&#8221; padding_mobile=&#8221;off&#8221; make_fullwidth=&#8221;off&#8221; use_custom_width=&#8221;off&#8221; width_unit=&#8221;on&#8221; make_equal=&#8221;off&#8221; use_custom_gutter=&#8221;off&#8221; custom_padding=&#8221;50px||50px|&#8221; background_image=&#8221;http:\/\/culturdes.umh.es\/files\/2018\/04\/Playa_Manantial-2.jpg&#8221;][et_pb_row admin_label=&#8221;Fila&#8221;][et_pb_column type=&#8221;4_4&#8243;][et_pb_text admin_label=&#8221;Texto&#8221; background_layout=&#8221;dark&#8221; text_orientation=&#8221;center&#8221; use_border_color=&#8221;off&#8221; border_color=&#8221;#ffffff&#8221; border_style=&#8221;solid&#8221; custom_margin=&#8221;||0px|&#8221; custom_padding=&#8221;||5px|&#8221;]<\/p>\n<h2>Cantera Debate<\/h2>\n<p>[\/et_pb_text][\/et_pb_column][\/et_pb_row][\/et_pb_section][et_pb_section admin_label=&#8221;Secci\u00f3n&#8221; fullwidth=&#8221;on&#8221; specialty=&#8221;off&#8221;][et_pb_fullwidth_menu admin_label=&#8221;Men\u00fa de anchura completa&#8221; menu_id=&#8221;11&#8243; background_color=&#8221;#ededed&#8221; background_layout=&#8221;light&#8221; text_orientation=&#8221;center&#8221; submenu_direction=&#8221;downwards&#8221; fullwidth_menu=&#8221;off&#8221; dropdown_menu_animation=&#8221;fade&#8221; menu_text_color=&#8221;#000000&#8243; menu_font=&#8221;|on|||&#8221;]<\/p>\n<p>&nbsp;<\/p>\n<p>[\/et_pb_fullwidth_menu][\/et_pb_section][et_pb_section admin_label=&#8221;section&#8221;][et_pb_row admin_label=&#8221;Fila&#8221;][et_pb_column type=&#8221;1_4&#8243;][\/et_pb_column][et_pb_column type=&#8221;1_2&#8243;][et_pb_image admin_label=&#8221;Imagen&#8221; src=&#8221;http:\/\/culturdes.umh.es\/files\/2018\/04\/Logo-Cantera-Debate-300&#215;163.png&#8221; show_in_lightbox=&#8221;off&#8221; url_new_window=&#8221;off&#8221; use_overlay=&#8221;off&#8221; animation=&#8221;off&#8221; sticky=&#8221;off&#8221; align=&#8221;center&#8221; force_fullwidth=&#8221;off&#8221; always_center_on_mobile=&#8221;on&#8221; use_border_color=&#8221;off&#8221; border_color=&#8221;#ffffff&#8221; border_style=&#8221;solid&#8221;]<\/p>\n<p>&nbsp;<\/p>\n<p>[\/et_pb_image][\/et_pb_column][et_pb_column type=&#8221;1_4&#8243;][\/et_pb_column][\/et_pb_row][et_pb_row admin_label=&#8221;Fila&#8221;][et_pb_column type=&#8221;4_4&#8243;][et_pb_text admin_label=&#8221;Texto&#8221; background_layout=&#8221;light&#8221; text_orientation=&#8221;left&#8221; use_border_color=&#8221;off&#8221; border_color=&#8221;#ffffff&#8221; border_style=&#8221;solid&#8221;]<\/p>\n<p style=\"text-align: justify;\"><a href=\"http:\/\/culturdes.umh.es\/files\/2018\/05\/Conversatorio-Interculturalidad-y-Desarrollo-5Mb.pdf\" target=\"_blank\"><img loading=\"lazy\" class=\"alignleft wp-image-2296 size-medium\" src=\"http:\/\/culturdes.umh.es\/files\/2018\/05\/Portada-Conversatorio-425x640-199x300-199x300.jpg\" alt=\"Portada-Conversatorio-425x640-199x300\" width=\"199\" height=\"300\" \/><\/a>El Ecuador es un territorio diverso, en lo geogr\u00e1fico y lo humano. Su densa pluralidad socio-cultural exige especial atenci\u00f3n a los matices que resultan ineludibles para proyectarse hacia el futuro como un Estado que se declara intercultural y plurinacional (Art. 1, Constituci\u00f3n, 2008).<\/p>\n<p style=\"text-align: justify;\">Conscientes de la complejidad de este reto, los autores en este volumen concluyen que la b\u00fasqueda de un desarrollo \u2013para que no necesite ning\u00fan adjetivo que lo cualifique\u2014 debe anclarse en la memoria social que ha hecho que el Ecuador sea la sociedad que es hoy.<\/p>\n<p style=\"text-align: justify;\">Este libro es el resultado de un proyecto de colaboraci\u00f3n internacional, gracias al cual un conjunto de intelectuales entrelazaron distintos aspectos del desarrollo y la interculturalidad, a partir de un conversatorio desde el pensamiento cr\u00edtico y el di\u00e1logo transdisciplinar. Aborda, entre otras cuestiones, la relaci\u00f3n entre el tiempo y el poder, y explica el papel de la universidad en la cooperaci\u00f3n al desarrollo; la conformaci\u00f3n de las pol\u00edticas p\u00fablicas vinculadas a los conceptos y derivaciones de la interculturalidad y la plurinacionalidad; la estrecha relaci\u00f3n entre la idea de naci\u00f3n y las nociones de patrimonio y de cultura; los desaf\u00edos que implican la construcci\u00f3n de una memoria social en un proyecto intercultural compartido; la importancia que tiene la cultura en los procesos de desarrollo y la necesidad de conocer en profundidad sus din\u00e1micas; el di\u00e1logo que debe establecerse entre la memoria social y el patrimonio cultural para sustentar un escenario de posdesarrollo; y la necesaria valoraci\u00f3n del Sumak Kawsay y las desigualdades en el \u00e1mbito de la salud que generan el g\u00e9nero y la etnia.<\/p>\n<p style=\"text-align: justify;\">Esta obra es un aporte a la reflexi\u00f3n en torno a la trascendencia de la cultura en los procesos de desarrollo, con enfoques heterodoxos que invitan a la discusi\u00f3n acad\u00e9mica y pol\u00edtica, aplicable a los contextos de alta diversidad cultural<\/p>\n<p style=\"text-align: justify;\"><em><strong>Conversatorio sobre interculturalidad y desarrollo<\/strong><\/em>, publicado en junio 2014 y dep\u00f3sito legal A 321-2014, tiene 151 p\u00e1ginas, 8 fotograf\u00edas a color y\u00a0<a title=\"Vi\u00f1etas Pablo Sanaguano\" href=\"http:\/\/culturdes.umh.es\/vinetas-pablo-sanaguano\/\" target=\"_blank\">3 vi\u00f1etas del artista ecuatoriano Pablo Sanaguano<\/a>. El dise\u00f1o de la cubierta y del logo es de Elpidio del Campo y la maquetaci\u00f3n de Ra\u00fal Trav\u00e9. El libro ha sido coordinado por Cristina Soler, Eva Caballero y Antonio Miguel Nogu\u00e9s, y en el participan los intelectuales ecuatorianos: Richard Salazar Medina, Rosemaria Ter\u00e1n Najas, Florencio Delgado Espinoza, Marcelo F. Naranjo, Ferran Cabrero, Lily Rodr\u00edguez y Ariruma Kowii.<\/p>\n<p>[\/et_pb_text][\/et_pb_column][\/et_pb_row][et_pb_row admin_label=&#8221;Fila&#8221;][et_pb_column type=&#8221;4_4&#8243;][et_pb_divider admin_label=&#8221;Separador&#8221; color=&#8221;rgba(66,133,191,0.95)&#8221; show_divider=&#8221;on&#8221; height=&#8221;2&#8243; divider_style=&#8221;solid&#8221; divider_position=&#8221;top&#8221; hide_on_mobile=&#8221;on&#8221;]<\/p>\n<p>&nbsp;<\/p>\n<p>[\/et_pb_divider][et_pb_text admin_label=&#8221;Texto&#8221; background_layout=&#8221;light&#8221; text_orientation=&#8221;left&#8221; use_border_color=&#8221;off&#8221; border_color=&#8221;#ffffff&#8221; border_style=&#8221;solid&#8221;]<\/p>\n<p>La edici\u00f3n electr\u00f3nica ha sido publicada por la editorial de la\u00a0<a href=\"http:\/\/editorial.umh.es\/\" target=\"_blank\">Universitas Miguel Hern\u00e1ndez<\/a>, Elche, 2015 [978-84-16024-15-5]Descargar formatos\u00a0<a title=\"Editorial electr\u00f3nica UMH\" href=\"http:\/\/culturdes.umh.es\/files\/2018\/05\/Conversatorio-sobre-interculturalidad-y-desarrollo.epub\" target=\"_blank\">e-Pub (26Mb)<\/a>\u00a0\/\/\u00a0<a title=\"Formato PDF\" href=\"http:\/\/culturdes.umh.es\/files\/2018\/05\/Conversatorio-Interculturalidad-y-Desarrollo-5Mb.pdf\" target=\"_blank\">PDF (5Mb)<\/a><\/p>\n<p><strong>Rese\u00f1ado<\/strong>\u00a0por<\/p>\n<ul>\n<li>Carmen Pereira Stallaert en\u00a0<em><a href=\"http:\/\/campus.usal.es\/~revistas_trabajo\/index.php\/1130-2887\/article\/view\/13303\/13587\" target=\"_blank\">Am\u00e9rica latina hoy: Revista de Ciencias Sociales<\/a><\/em>, vol. 70, p\u00e1gs. 169-170, 2015.<\/li>\n<\/ul>\n<p>[\/et_pb_text][et_pb_text admin_label=&#8221;Texto&#8221; background_layout=&#8221;light&#8221; text_orientation=&#8221;left&#8221; use_border_color=&#8221;off&#8221; border_color=&#8221;#ffffff&#8221; border_style=&#8221;solid&#8221;]<\/p>\n<p><strong>Proyecto y publicaci\u00f3n impresa financiados por<\/strong><\/p>\n<p>&nbsp;<\/p>\n<p><a href=\"http:\/\/www.aecid.es\/ES\"><img loading=\"lazy\" class=\" wp-image-317 alignleft\" title=\"AECID\" src=\"http:\/\/culturdes.umh.es\/files\/2015\/02\/GOB_MAEC_CE_color.jpg\" alt=\"\" width=\"185\" height=\"46\" \/><\/a><\/p>\n<p>&nbsp;<\/p>\n<p>&nbsp;<\/p>\n<p><strong>y con la colaboraci\u00f3n de<\/strong><\/p>\n<p>&nbsp;<\/p>\n<p><a href=\"http:\/\/www.uasb.edu.ec\/\"><img loading=\"lazy\" class=\"alignleft wp-image-2323\" src=\"http:\/\/culturdes.umh.es\/files\/2018\/05\/Logo-UASB-E-Color22-300x80.png\" alt=\"Logo-UASB-E-Color22\" width=\"150\" height=\"40\" srcset=\"https:\/\/culturdes.umh.es\/files\/2018\/05\/Logo-UASB-E-Color22-300x80.png 300w, https:\/\/culturdes.umh.es\/files\/2018\/05\/Logo-UASB-E-Color22-1024x273.png 1024w, https:\/\/culturdes.umh.es\/files\/2018\/05\/Logo-UASB-E-Color22-1080x288.png 1080w\" sizes=\"(max-width: 150px) 100vw, 150px\" \/><\/a><a href=\"http:\/\/www.umh.es\/\"><img loading=\"lazy\" class=\"alignleft wp-image-37\" src=\"http:\/\/culturdes.umh.es\/files\/2018\/04\/logo1.png\" alt=\"logo1\" width=\"150\" height=\"52\" \/><\/a><\/p>\n<p>[\/et_pb_text][\/et_pb_column][\/et_pb_row][\/et_pb_section]<\/p>","protected":false},"excerpt":{"rendered":"<p>[et_pb_section admin_label=&#8221;Secci\u00f3n&#8221; fullwidth=&#8221;off&#8221; specialty=&#8221;off&#8221; transparent_background=&#8221;off&#8221; allow_player_pause=&#8221;off&#8221; inner_shadow=&#8221;off&#8221; parallax=&#8221;off&#8221; parallax_method=&#8221;off&#8221; padding_mobile=&#8221;off&#8221; make_fullwidth=&#8221;off&#8221; use_custom_width=&#8221;off&#8221; width_unit=&#8221;on&#8221; make_equal=&#8221;off&#8221; use_custom_gutter=&#8221;off&#8221; custom_padding=&#8221;50px||50px|&#8221; background_image=&#8221;http:\/\/culturdes.umh.es\/files\/2018\/04\/Playa_Manantial-2.jpg&#8221;][et_pb_row admin_label=&#8221;Fila&#8221;][et_pb_column type=&#8221;4_4&#8243;][et_pb_text admin_label=&#8221;Texto&#8221; background_layout=&#8221;dark&#8221; text_orientation=&#8221;center&#8221; use_border_color=&#8221;off&#8221; border_color=&#8221;#ffffff&#8221; border_style=&#8221;solid&#8221; custom_margin=&#8221;||0px|&#8221; custom_padding=&#8221;||5px|&#8221;] Cantera Debate [\/et_pb_text][\/et_pb_column][\/et_pb_row][\/et_pb_section][et_pb_section admin_label=&#8221;Secci\u00f3n&#8221; fullwidth=&#8221;on&#8221; specialty=&#8221;off&#8221;][et_pb_fullwidth_menu admin_label=&#8221;Men\u00fa de anchura completa&#8221; menu_id=&#8221;11&#8243; background_color=&#8221;#ededed&#8221; background_layout=&#8221;light&#8221; text_orientation=&#8221;center&#8221; submenu_direction=&#8221;downwards&#8221; fullwidth_menu=&#8221;off&#8221; dropdown_menu_animation=&#8221;fade&#8221; menu_text_color=&#8221;#000000&#8243; menu_font=&#8221;|on|||&#8221;] &nbsp; [\/et_pb_fullwidth_menu][\/et_pb_section][et_pb_section admin_label=&#8221;section&#8221;][et_pb_row admin_label=&#8221;Fila&#8221;][et_pb_column type=&#8221;1_4&#8243;][\/et_pb_column][et_pb_column type=&#8221;1_2&#8243;][et_pb_image admin_label=&#8221;Imagen&#8221; src=&#8221;http:\/\/culturdes.umh.es\/files\/2018\/04\/Logo-Cantera-Debate-300&#215;163.png&#8221; show_in_lightbox=&#8221;off&#8221; [&hellip;]<\/p>\n","protected":false},"author":6277,"featured_media":0,"parent":0,"menu_order":0,"comment_status":"open","ping_status":"open","template":"","meta":{"_links_to":"","_links_to_target":""},"_links":{"self":[{"href":"https:\/\/culturdes.umh.es\/en\/wp-json\/wp\/v2\/pages\/2295"}],"collection":[{"href":"https:\/\/culturdes.umh.es\/en\/wp-json\/wp\/v2\/pages"}],"about":[{"href":"https:\/\/culturdes.umh.es\/en\/wp-json\/wp\/v2\/types\/page"}],"author":[{"embeddable":true,"href":"https:\/\/culturdes.umh.es\/en\/wp-json\/wp\/v2\/users\/6277"}],"replies":[{"embeddable":true,"href":"https:\/\/culturdes.umh.es\/en\/wp-json\/wp\/v2\/comments?post=2295"}],"version-history":[{"count":0,"href":"https:\/\/culturdes.umh.es\/en\/wp-json\/wp\/v2\/pages\/2295\/revisions"}],"wp:attachment":[{"href":"https:\/\/culturdes.umh.es\/en\/wp-json\/wp\/v2\/media?parent=2295"}],"curies":[{"name":"wp","href":"https:\/\/api.w.org\/{rel}","templated":true}]}}